{"id":17938,"date":"2023-12-07T12:29:48","date_gmt":"2023-12-07T11:29:48","guid":{"rendered":"https:\/\/promedicalcenter.ro\/?post_type=product&#038;p=17938"},"modified":"2023-12-07T12:34:19","modified_gmt":"2023-12-07T11:34:19","slug":"pro-health-premium","status":"publish","type":"product","link":"https:\/\/provitam.ro\/hu\/termek\/pro-health-premium\/","title":{"rendered":"Pro Health Premium"},"content":{"rendered":"<div data-elementor-type=\"wp-post\" data-elementor-id=\"17938\" class=\"elementor elementor-17938\">\n\t\t\t\t\t\t\t        <section class=\"elementor-section elementor-top-section elementor-element elementor-element-6d77c155 elementor-section-boxed elementor-section-height-default elementor-section-height-default\" data-id=\"6d77c155\" data-element_type=\"section\">\r\n\t\t\r\n\t\t        <div class=\"elementor-container elementor-column-gap-default\" >\r\n\t\t        <div class=\"elementor-column elementor-col-100 elementor-top-column elementor-element elementor-element-7f166ab3\" data-id=\"7f166ab3\" data-element_type=\"column\">\r\n        <div class=\"elementor-widget-wrap elementor-element-populated\">\r\n                                <section class=\"elementor-section elementor-inner-section elementor-element elementor-element-242ace5 elementor-section-boxed elementor-section-height-default elementor-section-height-default\" data-id=\"242ace5\" data-element_type=\"section\" data-no-translation=\"\">\r\n\t\t\r\n\t\t        <div class=\"elementor-container elementor-column-gap-default\" >\r\n\t\t        <div class=\"elementor-column elementor-col-100 elementor-inner-column elementor-element elementor-element-52d9d4d\" data-id=\"52d9d4d\" data-element_type=\"column\">\r\n        <div class=\"elementor-widget-wrap elementor-element-populated\">\r\n                        \t\t<div class=\"elementor-element elementor-element-e4e86d2 post elementor-widget elementor-widget-text-editor\" data-id=\"e4e86d2\" data-element_type=\"widget\" data-widget_type=\"text-editor.default\">\n\t\t\t\t<div class=\"elementor-widget-container\">\n\t\t\t\t\t\t\t<h4><img fetchpriority=\"high\" decoding=\"async\" class=\"wp-image-17932 size-full alignnone\" src=\"https:\/\/promedicalcenter.ro\/wp-content\/uploads\/2023\/12\/PH_HU-1.png\" alt=\"\" width=\"1200\" height=\"630\" srcset=\"https:\/\/provitam.ro\/wp-content\/uploads\/2023\/12\/PH_HU-1.png 1200w, https:\/\/provitam.ro\/wp-content\/uploads\/2023\/12\/PH_HU-1-300x158.png 300w, https:\/\/provitam.ro\/wp-content\/uploads\/2023\/12\/PH_HU-1-1024x538.png 1024w, https:\/\/provitam.ro\/wp-content\/uploads\/2023\/12\/PH_HU-1-768x403.png 768w, https:\/\/provitam.ro\/wp-content\/uploads\/2023\/12\/PH_HU-1-18x9.png 18w, https:\/\/provitam.ro\/wp-content\/uploads\/2023\/12\/PH_HU-1-900x473.png 900w\" sizes=\"(max-width: 1200px) 100vw, 1200px\" \/><\/h4><p>Pro Health Premium csomagunk az eg\u00e9sz csal\u00e1dnak sz\u00f3l, gyermekeknek \u00e9s feln\u0151tteknek is egyar\u00e1nt aj\u00e1nljuk. A Pro Health + csomagoka labor \u00e9s ultrahang vizsg\u00e1latait kib\u0151vtett\u00fck illetve a csomagot tov\u00e1bbi prevenci\u00f3hoz sz\u00fcks\u00e9ges vizsg\u00e1latokkal eg\u00e9szitett\u00fck ki.<\/p><p>\u00a0<\/p>\t\t\t\t\t\t<\/div>\n\t\t\t\t<\/div>\n\t\t        <\/div>\r\n        <\/div>\r\n        \t\t        <\/div>\r\n        <\/section>\r\n\t\t        <\/div>\r\n        <\/div>\r\n        \t\t        <\/div>\r\n        <\/section>\r\n\t\t\t\t\t\t\t<\/div>","protected":false},"excerpt":{"rendered":"<p>Pachetul nostru Pro Health Premium este pentru \u00eentreaga familie, \u00eel recomand\u0103m at\u00e2t copiilor, c\u00e2t \u0219i adul\u021bilor.<\/p>\n<p>Testele de laborator \u0219i cu ultrasunete ale pachetelor Pro Health+ au fost extinse, iar pachetul a fost completat cu teste necesare pentru prevenirea ulterioar\u0103.<\/p>\n<p>&nbsp;<\/p>","protected":false},"featured_media":17913,"comment_status":"closed","ping_status":"closed","template":"","meta":[],"product_cat":[86],"product_tag":[],"class_list":["post-17938","product","type-product","status-publish","has-post-thumbnail","hentry","product_cat-produse"],"_links":{"self":[{"href":"https:\/\/provitam.ro\/hu\/wp-json\/wp\/v2\/product\/17938","targetHints":{"allow":["GET"]}}],"collection":[{"href":"https:\/\/provitam.ro\/hu\/wp-json\/wp\/v2\/product"}],"about":[{"href":"https:\/\/provitam.ro\/hu\/wp-json\/wp\/v2\/types\/product"}],"replies":[{"embeddable":true,"href":"https:\/\/provitam.ro\/hu\/wp-json\/wp\/v2\/comments?post=17938"}],"version-history":[{"count":4,"href":"https:\/\/provitam.ro\/hu\/wp-json\/wp\/v2\/product\/17938\/revisions"}],"predecessor-version":[{"id":17945,"href":"https:\/\/provitam.ro\/hu\/wp-json\/wp\/v2\/product\/17938\/revisions\/17945"}],"wp:featuredmedia":[{"embeddable":true,"href":"https:\/\/provitam.ro\/hu\/wp-json\/wp\/v2\/media\/17913"}],"wp:attachment":[{"href":"https:\/\/provitam.ro\/hu\/wp-json\/wp\/v2\/media?parent=17938"}],"wp:term":[{"taxonomy":"product_cat","embeddable":true,"href":"https:\/\/provitam.ro\/hu\/wp-json\/wp\/v2\/product_cat?post=17938"},{"taxonomy":"product_tag","embeddable":true,"href":"https:\/\/provitam.ro\/hu\/wp-json\/wp\/v2\/product_tag?post=17938"}],"curies":[{"name":"wp","href":"https:\/\/api.w.org\/{rel}","templated":true}]}}