{"id":17927,"date":"2023-12-07T12:20:32","date_gmt":"2023-12-07T11:20:32","guid":{"rendered":"https:\/\/promedicalcenter.ro\/?post_type=product&#038;p=17927"},"modified":"2023-12-07T12:27:32","modified_gmt":"2023-12-07T11:27:32","slug":"pro-health-2","status":"publish","type":"product","link":"https:\/\/provitam.ro\/hu\/termek\/pro-health-2\/","title":{"rendered":"Pro Health +"},"content":{"rendered":"<div data-elementor-type=\"wp-post\" data-elementor-id=\"17927\" class=\"elementor elementor-17927\">\n\t\t\t\t\t\t\t        <section class=\"elementor-section elementor-top-section elementor-element elementor-element-6d77c155 elementor-section-boxed elementor-section-height-default elementor-section-height-default\" data-id=\"6d77c155\" data-element_type=\"section\">\r\n\t\t\r\n\t\t        <div class=\"elementor-container elementor-column-gap-default\" >\r\n\t\t        <div class=\"elementor-column elementor-col-100 elementor-top-column elementor-element elementor-element-7f166ab3\" data-id=\"7f166ab3\" data-element_type=\"column\">\r\n        <div class=\"elementor-widget-wrap elementor-element-populated\">\r\n                                <section class=\"elementor-section elementor-inner-section elementor-element elementor-element-242ace5 elementor-section-boxed elementor-section-height-default elementor-section-height-default\" data-id=\"242ace5\" data-element_type=\"section\" data-no-translation=\"\">\r\n\t\t\r\n\t\t        <div class=\"elementor-container elementor-column-gap-default\" >\r\n\t\t        <div class=\"elementor-column elementor-col-100 elementor-inner-column elementor-element elementor-element-52d9d4d\" data-id=\"52d9d4d\" data-element_type=\"column\">\r\n        <div class=\"elementor-widget-wrap elementor-element-populated\">\r\n                        \t\t<div class=\"elementor-element elementor-element-e4e86d2 post elementor-widget elementor-widget-text-editor\" data-id=\"e4e86d2\" data-element_type=\"widget\" data-widget_type=\"text-editor.default\">\n\t\t\t\t<div class=\"elementor-widget-container\">\n\t\t\t\t\t\t\t<h4><img fetchpriority=\"high\" decoding=\"async\" class=\"wp-image-17932 size-full alignnone\" src=\"https:\/\/promedicalcenter.ro\/wp-content\/uploads\/2023\/12\/PH_HU-1.png\" alt=\"\" width=\"1200\" height=\"630\" srcset=\"https:\/\/provitam.ro\/wp-content\/uploads\/2023\/12\/PH_HU-1.png 1200w, https:\/\/provitam.ro\/wp-content\/uploads\/2023\/12\/PH_HU-1-300x158.png 300w, https:\/\/provitam.ro\/wp-content\/uploads\/2023\/12\/PH_HU-1-1024x538.png 1024w, https:\/\/provitam.ro\/wp-content\/uploads\/2023\/12\/PH_HU-1-768x403.png 768w, https:\/\/provitam.ro\/wp-content\/uploads\/2023\/12\/PH_HU-1-18x9.png 18w, https:\/\/provitam.ro\/wp-content\/uploads\/2023\/12\/PH_HU-1-900x473.png 900w\" sizes=\"(max-width: 1200px) 100vw, 1200px\" \/><\/h4><ul><li aria-level=\"1\">a has\u00fcregben \u00e9s a kismedenc\u00e9ben tal\u00e1lhat\u00f3 szervek \u00e1llapot\u00e1r\u00f3l\u00a0<\/li><li aria-level=\"1\">a m\u00e1j, hasny\u00e1lmirigy, epeh\u00f3lyag, l\u00e9p, h\u00fagyutak, h\u00fagyh\u00f3lyag, vese, m\u00e9h, petef\u00e9szek lehets\u00e9ges elv\u00e1ltoz\u00e1sair\u00f3l<\/li><li aria-level=\"1\">a has\u00fcregben fut\u00f3 nagyobb erekr\u0151l, a nyirokcsom\u00f3k \u00e1llapot\u00e1r\u00f3l<\/li><li aria-level=\"1\">a mell \u00e1llapot\u00e1r\u00f3l, amely n\u0151k eset\u00e9n kiemelten javasolt, tekintettel a mellr\u00e1k gyakoris\u00e1g\u00e1ra<\/li><\/ul>\t\t\t\t\t\t<\/div>\n\t\t\t\t<\/div>\n\t\t        <\/div>\r\n        <\/div>\r\n        \t\t        <\/div>\r\n        <\/section>\r\n\t\t        <\/div>\r\n        <\/div>\r\n        \t\t        <\/div>\r\n        <\/section>\r\n\t\t\t\t\t\t\t<\/div>","protected":false},"excerpt":{"rendered":"<p><strong>Ce ofer\u0103 \u00een plus Pro-Health+ ?<\/strong><\/p>\n<p>\u00cen cazul Pro-Health+, pachetul se completeaz\u0103 cu examin\u0103ri ecografice [abdominal\u0103 \u00een cazul b\u0103rba\u021bilor, abdominal\u0103 \u0219i mamar\u0103 \u00een cazul femeilor]. Ecografia reprezint\u0103 cea mai eficient\u0103 metod\u0103 pentru diagnosticarea bolilor, fiind, de asemenea, nedureroas\u0103 \u0219i non-invaziv\u0103. Examinarea ecografic\u0103 permite ob\u021binerea de informa\u021bii detaliate despre urm\u0103toarele:<\/p>\n<p>&nbsp;<\/p>","protected":false},"featured_media":17913,"comment_status":"closed","ping_status":"closed","template":"","meta":[],"product_cat":[86],"product_tag":[],"class_list":["post-17927","product","type-product","status-publish","has-post-thumbnail","hentry","product_cat-produse"],"_links":{"self":[{"href":"https:\/\/provitam.ro\/hu\/wp-json\/wp\/v2\/product\/17927","targetHints":{"allow":["GET"]}}],"collection":[{"href":"https:\/\/provitam.ro\/hu\/wp-json\/wp\/v2\/product"}],"about":[{"href":"https:\/\/provitam.ro\/hu\/wp-json\/wp\/v2\/types\/product"}],"replies":[{"embeddable":true,"href":"https:\/\/provitam.ro\/hu\/wp-json\/wp\/v2\/comments?post=17927"}],"version-history":[{"count":6,"href":"https:\/\/provitam.ro\/hu\/wp-json\/wp\/v2\/product\/17927\/revisions"}],"predecessor-version":[{"id":17937,"href":"https:\/\/provitam.ro\/hu\/wp-json\/wp\/v2\/product\/17927\/revisions\/17937"}],"wp:featuredmedia":[{"embeddable":true,"href":"https:\/\/provitam.ro\/hu\/wp-json\/wp\/v2\/media\/17913"}],"wp:attachment":[{"href":"https:\/\/provitam.ro\/hu\/wp-json\/wp\/v2\/media?parent=17927"}],"wp:term":[{"taxonomy":"product_cat","embeddable":true,"href":"https:\/\/provitam.ro\/hu\/wp-json\/wp\/v2\/product_cat?post=17927"},{"taxonomy":"product_tag","embeddable":true,"href":"https:\/\/provitam.ro\/hu\/wp-json\/wp\/v2\/product_tag?post=17927"}],"curies":[{"name":"wp","href":"https:\/\/api.w.org\/{rel}","templated":true}]}}