{"id":17894,"date":"2023-12-07T11:32:54","date_gmt":"2023-12-07T10:32:54","guid":{"rendered":"https:\/\/promedicalcenter.ro\/?post_type=product&#038;p=17894"},"modified":"2023-12-07T12:03:02","modified_gmt":"2023-12-07T11:03:02","slug":"pro-health","status":"publish","type":"product","link":"https:\/\/provitam.ro\/hu\/termek\/pro-health\/","title":{"rendered":"Pro Health- prevenci\u00f3s sz\u0171r\u0151csomagok"},"content":{"rendered":"<div data-elementor-type=\"wp-post\" data-elementor-id=\"17894\" class=\"elementor elementor-17894\">\n\t\t\t\t\t\t\t        <section class=\"elementor-section elementor-top-section elementor-element elementor-element-6d77c155 elementor-section-boxed elementor-section-height-default elementor-section-height-default\" data-id=\"6d77c155\" data-element_type=\"section\">\r\n\t\t\r\n\t\t        <div class=\"elementor-container elementor-column-gap-default\" >\r\n\t\t        <div class=\"elementor-column elementor-col-100 elementor-top-column elementor-element elementor-element-7f166ab3\" data-id=\"7f166ab3\" data-element_type=\"column\">\r\n        <div class=\"elementor-widget-wrap elementor-element-populated\">\r\n                                <section class=\"elementor-section elementor-inner-section elementor-element elementor-element-242ace5 elementor-section-boxed elementor-section-height-default elementor-section-height-default\" data-id=\"242ace5\" data-element_type=\"section\" data-no-translation=\"\">\r\n\t\t\r\n\t\t        <div class=\"elementor-container elementor-column-gap-default\" >\r\n\t\t        <div class=\"elementor-column elementor-col-100 elementor-inner-column elementor-element elementor-element-52d9d4d\" data-id=\"52d9d4d\" data-element_type=\"column\">\r\n        <div class=\"elementor-widget-wrap elementor-element-populated\">\r\n                        \t\t<div class=\"elementor-element elementor-element-e4e86d2 post elementor-widget elementor-widget-text-editor\" data-id=\"e4e86d2\" data-element_type=\"widget\" data-widget_type=\"text-editor.default\">\n\t\t\t\t<div class=\"elementor-widget-container\">\n\t\t\t\t\t\t\t<h4><img fetchpriority=\"high\" decoding=\"async\" class=\"wp-image-17907 size-full alignleft\" src=\"https:\/\/promedicalcenter.ro\/wp-content\/uploads\/2023\/12\/PH_HU.png\" alt=\"\" width=\"1200\" height=\"630\" srcset=\"https:\/\/provitam.ro\/wp-content\/uploads\/2023\/12\/PH_HU.png 1200w, https:\/\/provitam.ro\/wp-content\/uploads\/2023\/12\/PH_HU-900x473.png 900w, https:\/\/provitam.ro\/wp-content\/uploads\/2023\/12\/PH_HU-300x158.png 300w, https:\/\/provitam.ro\/wp-content\/uploads\/2023\/12\/PH_HU-1024x538.png 1024w, https:\/\/provitam.ro\/wp-content\/uploads\/2023\/12\/PH_HU-768x403.png 768w, https:\/\/provitam.ro\/wp-content\/uploads\/2023\/12\/PH_HU-18x9.png 18w\" sizes=\"(max-width: 1200px) 100vw, 1200px\" \/><\/h4><h4>Mir\u0151l t\u00e1j\u00e9koztat a ProHealth laborcsomag \u00e9s milyen betegs\u00e9geket sz\u0171r?<\/h4><ul><li aria-level=\"1\">a v\u00e9rk\u00e9pz\u0151 rendszer m\u0171k\u00f6d\u00e9s\u00e9r\u0151l | v\u00e9rszeg\u00e9nys\u00e9g, gyullad\u00e1s, leuk\u00e9mia\u00a0<\/li><li aria-level=\"1\">a m\u00e1j \u00e1llapot\u00e1r\u00f3l\u00a0 | toxinok vagy gyullad\u00e1s okozta m\u00e1jk\u00e1rosod\u00e1s, zs\u00edrm\u00e1j\u00a0<\/li><li aria-level=\"1\">a vese funkci\u00f3r\u00f3l\u00a0 |\u00a0 veseel\u00e9gtelens\u00e9g, vesek\u0151<\/li><li aria-level=\"1\">a sz\u00e9nhidr\u00e1t-, a feh\u00e9rje-, \u00e9s zs\u00edranyagcser\u00e9r\u0151l | cukorbetegs\u00e9g, k\u00f3ros v\u00e9rzs\u00edr \u00e9s koleszterin szint<\/li><li aria-level=\"1\">a szervezetben zajl\u00f3 gyullad\u00e1sos folyamatokr\u00f3l\u00a0 | akut\/kr\u00f3nikus gyullad\u00e1sos betegs\u00e9gek<\/li><li aria-level=\"1\">pajzsmirigym\u0171k\u00f6d\u00e9sr\u0151l<\/li><li aria-level=\"1\">prosztatasz\u0171r\u00e9s (f\u00e9rfiaknak)<\/li><\/ul>\t\t\t\t\t\t<\/div>\n\t\t\t\t<\/div>\n\t\t        <\/div>\r\n        <\/div>\r\n        \t\t        <\/div>\r\n        <\/section>\r\n\t\t        <\/div>\r\n        <\/div>\r\n        \t\t        <\/div>\r\n        <\/section>\r\n\t\t\t\t\t\t\t<\/div>","protected":false},"excerpt":{"rendered":"<p>Chiar dac\u0103 nu ave\u021bi probleme de s\u0103n\u0103tate, este important s\u0103 v\u0103 face\u021bi anual teste de screening, mai ales dup\u0103 v\u00e2rsta de 35 de ani. De ce? \u00cen lumea noastr\u0103 agitat\u0103, uit\u0103m adesea de propria s\u0103n\u0103tate, de\u0219i cu to\u021bii ne dorim s\u0103 r\u0103m\u00e2nem s\u0103n\u0103to\u0219i \u0219i activi pe m\u0103sur\u0103 ce \u00eenaint\u0103m \u00een v\u00e2rst\u0103. S\u0103n\u0103tatea noastr\u0103 nu ar trebui s\u0103 fie important\u0103 doar atunci c\u00e2nd apar problemele!<\/p>\n<p>Pachetul de analize este recomandat pentru persoanele cu v\u00e2rsta peste 35 de ani, f\u0103r\u0103 simptome, \u00een scopul prevenirii bolilor. Analizele ofer\u0103 o imagine de ansamblu a st\u0103rii de s\u0103n\u0103tate \u0219i a func\u021biilor vitale fundamentale ale organismului.<\/p>","protected":false},"featured_media":17913,"comment_status":"closed","ping_status":"closed","template":"","meta":[],"product_cat":[86],"product_tag":[],"class_list":["post-17894","product","type-product","status-publish","has-post-thumbnail","hentry","product_cat-produse"],"_links":{"self":[{"href":"https:\/\/provitam.ro\/hu\/wp-json\/wp\/v2\/product\/17894","targetHints":{"allow":["GET"]}}],"collection":[{"href":"https:\/\/provitam.ro\/hu\/wp-json\/wp\/v2\/product"}],"about":[{"href":"https:\/\/provitam.ro\/hu\/wp-json\/wp\/v2\/types\/product"}],"replies":[{"embeddable":true,"href":"https:\/\/provitam.ro\/hu\/wp-json\/wp\/v2\/comments?post=17894"}],"version-history":[{"count":6,"href":"https:\/\/provitam.ro\/hu\/wp-json\/wp\/v2\/product\/17894\/revisions"}],"predecessor-version":[{"id":17912,"href":"https:\/\/provitam.ro\/hu\/wp-json\/wp\/v2\/product\/17894\/revisions\/17912"}],"wp:featuredmedia":[{"embeddable":true,"href":"https:\/\/provitam.ro\/hu\/wp-json\/wp\/v2\/media\/17913"}],"wp:attachment":[{"href":"https:\/\/provitam.ro\/hu\/wp-json\/wp\/v2\/media?parent=17894"}],"wp:term":[{"taxonomy":"product_cat","embeddable":true,"href":"https:\/\/provitam.ro\/hu\/wp-json\/wp\/v2\/product_cat?post=17894"},{"taxonomy":"product_tag","embeddable":true,"href":"https:\/\/provitam.ro\/hu\/wp-json\/wp\/v2\/product_tag?post=17894"}],"curies":[{"name":"wp","href":"https:\/\/api.w.org\/{rel}","templated":true}]}}