{"id":17858,"date":"2023-12-01T17:18:24","date_gmt":"2023-12-01T16:18:24","guid":{"rendered":"https:\/\/promedicalcenter.ro\/?post_type=product&#038;p=17858"},"modified":"2023-12-01T17:59:55","modified_gmt":"2023-12-01T16:59:55","slug":"screening-neonatal-pentru-boli-metabolice","status":"publish","type":"product","link":"https:\/\/provitam.ro\/hu\/termek\/screening-neonatal-pentru-boli-metabolice\/","title":{"rendered":"\u00dajsz\u00fcl\u00f6ttkori anyagcsere betegs\u00e9gek sz\u0171r\u0151vizsg\u00e1lata"},"content":{"rendered":"<div data-elementor-type=\"wp-post\" data-elementor-id=\"17858\" class=\"elementor elementor-17858\">\n\t\t\t\t\t\t\t        <section class=\"elementor-section elementor-top-section elementor-element elementor-element-6d77c155 elementor-section-boxed elementor-section-height-default elementor-section-height-default\" data-id=\"6d77c155\" data-element_type=\"section\">\r\n\t\t\r\n\t\t        <div class=\"elementor-container elementor-column-gap-default\" >\r\n\t\t        <div class=\"elementor-column elementor-col-100 elementor-top-column elementor-element elementor-element-7f166ab3\" data-id=\"7f166ab3\" data-element_type=\"column\">\r\n        <div class=\"elementor-widget-wrap elementor-element-populated\">\r\n                                <section class=\"elementor-section elementor-inner-section elementor-element elementor-element-242ace5 elementor-section-boxed elementor-section-height-default elementor-section-height-default\" data-id=\"242ace5\" data-element_type=\"section\" data-no-translation=\"\">\r\n\t\t\r\n\t\t        <div class=\"elementor-container elementor-column-gap-default\" >\r\n\t\t        <div class=\"elementor-column elementor-col-100 elementor-inner-column elementor-element elementor-element-52d9d4d\" data-id=\"52d9d4d\" data-element_type=\"column\">\r\n        <div class=\"elementor-widget-wrap elementor-element-populated\">\r\n                        \t\t<div class=\"elementor-element elementor-element-e4e86d2 post elementor-widget elementor-widget-text-editor\" data-id=\"e4e86d2\" data-element_type=\"widget\" data-widget_type=\"text-editor.default\">\n\t\t\t\t<div class=\"elementor-widget-container\">\n\t\t\t\t\t\t\t<h4>Mi\u00e9rt fontos a kisbab\u00e1mnak ez a vizsg\u00e1lat?<img decoding=\"async\" class=\"alignright size-thumbnail wp-image-17875\" src=\"https:\/\/promedicalcenter.ro\/wp-content\/uploads\/2023\/12\/ujszulott_szures_logo_HU-150x150.webp\" alt=\"\" width=\"150\" height=\"150\" srcset=\"https:\/\/provitam.ro\/wp-content\/uploads\/2023\/12\/ujszulott_szures_logo_HU-150x150.webp 150w, https:\/\/provitam.ro\/wp-content\/uploads\/2023\/12\/ujszulott_szures_logo_HU-300x300.webp 300w, https:\/\/provitam.ro\/wp-content\/uploads\/2023\/12\/ujszulott_szures_logo_HU-100x100.webp 100w, https:\/\/provitam.ro\/wp-content\/uploads\/2023\/12\/ujszulott_szures_logo_HU-12x12.webp 12w\" sizes=\"(max-width: 150px) 100vw, 150px\" \/><\/h4><p>Az \u00fajsz\u00fcl\u00f6ttkori anyagcsere sz\u0171r\u00e9s egy nagyon fontos l\u00e9p\u00e9s ahhoz, hogy megbizonyosodjunk, hogy az \u00fajsz\u00fcl\u00f6tt eg\u00e9szs\u00e9ges \u00e9s hazamehet biztons\u00e1gosan az \u00fajsz\u00fcl\u00f6ttoszt\u00e1lyr\u00f3l. Ezek a tesztek olyan s\u00falyos betegs\u00e9geket jelezhetnek idej\u00e9ben, amelyek t\u00fcnetei m\u00e9g nem mutatkoznak meg az els\u0151 napokban. A t\u00fcnetek hetekkel, h\u00f3napokkal k\u00e9s\u0151bb jelentkezhetnek. Ezeknek a betegs\u00e9geknek az id\u0151beni felismer\u00e9s\u00e9vel \u00e9s megfelel\u0151 kezel\u00e9s\u00e9vel egy eg\u00e9szs\u00e9ges \u00e9letet biztos\u00edthatunk a gyermekek sz\u00e1m\u00e1ra.<\/p><h4>A gyermekem t\u00f6k\u00e9letesen eg\u00e9szs\u00e9gesnek l\u00e1tszik. Mi\u00e9rt sz\u00fcks\u00e9ges m\u00e9gis a teszt elv\u00e9gz\u00e9se?<\/h4><p>Azok a bab\u00e1k, akik anyagcsere betegs\u00e9gben szenvednek, a sz\u00fclet\u00e9s ut\u00e1ni napokban m\u00e9g ugyanolyan eg\u00e9szs\u00e9gesnek l\u00e1tszanak, mint a t\u00f6bbi, val\u00f3ban eg\u00e9szs\u00e9ges \u00fajsz\u00fcl\u00f6tt. A sz\u0171r\u00e9sre \u00e9ppen az\u00e9rt van sz\u00fcks\u00e9g, mert ilyen korai id\u0151pontban m\u00e1s m\u00f3don m\u00e9g nem ismerhet\u0151 fel a betegs\u00e9g. A v\u00e9rvizsg\u00e1lat olyan inform\u00e1ci\u00f3kat ny\u00fajt, mely lehet\u0151v\u00e9 teszi a betegs\u00e9g korai felismer\u00e9s\u00e9t, \u00e9s id\u0151ben t\u00f6rt\u00e9n\u0151 kezel\u00e9s\u00e9t. Az \u00fajsz\u00fcl\u00f6ttkori sz\u0171r\u00e9s fontos l\u00e9p\u00e9s ahhoz, hogy gyermeke, \u00e9let\u00e9nek legkor\u00e1bbi id\u0151pontj\u00e1t\u00f3l kezdve, a lehet\u0151 legjobb eg\u00e9szs\u00e9g\u00fcgyi ell\u00e1t\u00e1st kapja.<\/p><p><img fetchpriority=\"high\" decoding=\"async\" class=\"alignnone wp-image-17863 size-full\" src=\"https:\/\/promedicalcenter.ro\/wp-content\/uploads\/2023\/12\/ujszulottkori_szures_termek_2.webp\" alt=\"\" width=\"1920\" height=\"1080\" srcset=\"https:\/\/provitam.ro\/wp-content\/uploads\/2023\/12\/ujszulottkori_szures_termek_2.webp 1920w, https:\/\/provitam.ro\/wp-content\/uploads\/2023\/12\/ujszulottkori_szures_termek_2-900x506.webp 900w, https:\/\/provitam.ro\/wp-content\/uploads\/2023\/12\/ujszulottkori_szures_termek_2-300x169.webp 300w, https:\/\/provitam.ro\/wp-content\/uploads\/2023\/12\/ujszulottkori_szures_termek_2-1024x576.webp 1024w, https:\/\/provitam.ro\/wp-content\/uploads\/2023\/12\/ujszulottkori_szures_termek_2-768x432.webp 768w, https:\/\/provitam.ro\/wp-content\/uploads\/2023\/12\/ujszulottkori_szures_termek_2-1536x864.webp 1536w, https:\/\/provitam.ro\/wp-content\/uploads\/2023\/12\/ujszulottkori_szures_termek_2-18x10.webp 18w\" sizes=\"(max-width: 1920px) 100vw, 1920px\" \/><\/p><h4>Hogyan t\u00f6rt\u00e9nik a vizsg\u00e1lat?<\/h4><p>A baba sark\u00e1b\u00f3l n\u00e9h\u00e1ny csepp v\u00e9rt vesz\u00fcnk. A v\u00e9rv\u00e9tel biztons\u00e1gos, az \u00fajsz\u00fcl\u00f6ttet nem vesz\u00e9lyezteti. A sz\u0171r\u0151pap\u00edrra itatott v\u00e9rmint\u00e1t az anyagcseresz\u0171r\u0151 laborat\u00f3riumba sz\u00e1ll\u00edtj\u00e1k. Ott n\u00e9h\u00e1ny napon bel\u00fcl elv\u00e9gezz\u00fck a sz\u00fcks\u00e9ges m\u00e9r\u00e9seket. Ha k\u00f3ros eredm\u00e9nyt tal\u00e1lunk, azt jelezz\u00fck a mint\u00e1t bek\u00fcld\u0151 int\u00e9zm\u00e9nynek, a gyermeket ell\u00e1t\u00f3 orvosnak, \u00e9s a gyermek sz\u00fcleinek.<\/p><h4>Milyen betegs\u00e9geket sz\u0171rnek?<\/h4><p>Olyan betegs\u00e9geket sz\u0171r\u00fcnk, melyek a szervezet energiaell\u00e1t\u00e1s\u00e1ban, vagy hormontermel\u00e9s\u00e9ben okoznak probl\u00e9m\u00e1t. Ilyen betegs\u00e9gek az aminosav anyagcserezavarok pl. fenilketonuria), biotinid\u00e1zhi\u00e1ny, galaktoz\u00e9mia, organikus aciduri\u00e1k, velesz\u00fcletett pajzsmirigy el\u00e9gtelens\u00e9g, zs\u00edrsav oxid\u00e1ci\u00f3s zavarok<\/p><h4>Mit\u0151l lehet anyagcserebeteg a gyermekem?<\/h4><p>A legt\u00f6bb anyagcserebetegs\u00e9get a sz\u00fcl\u0151kt\u0151l \u00f6r\u00f6klik a gyermekek. A beteg gyermek sz\u00fclei egy norm\u00e1lis \u00e9s egy k\u00f3ros g\u00e9nt hordoznak, ez\u00e9rt \u0151k rendszerint nem mutatnak t\u00fcneteket. Ha azonban a baba mindk\u00e9t sz\u00fcl\u0151t\u0151l a k\u00f3ros g\u00e9nt \u00f6r\u00f6kli, \u0151 beteg lesz. A velesz\u00fcletett pajzsmirigy el\u00e9gtelens\u00e9get pedig az okozza, hogy a pajzsmirigy nem j\u00f3l fejl\u0151d\u00f6tt, vagy nagyon kicsiny, \u00e9s ez\u00e9rt nem tud megfelel\u0151en m\u0171k\u00f6dni.<\/p><h4>Mikor t\u00f6rt\u00e9nik a vizsg\u00e1lat?<\/h4><p>A v\u00e9rv\u00e9telt a sz\u00fclet\u00e9st k\u00f6vet\u0151 48. \u00e9s 72. \u00f3ra k\u00f6z\u00f6tt v\u00e9gezz\u00fck el. Ez teszi lehet\u0151v\u00e9, hogy a betegs\u00e9get id\u0151ben fel tudjuk ismerni. El\u0151fordulhat azonban, hogy gyermek\u00e9n\u00e9l, n\u00e9h\u00e1ny nappal vagy h\u00e9ttel k\u00e9s\u0151bb, \u00fajabb v\u00e9rv\u00e9telre lesz sz\u00fcks\u00e9g.<\/p><h4>Mikor van sz\u00fcks\u00e9g ism\u00e9telt v\u00e9rv\u00e9telre?<\/h4><p>Ha felmer\u00fcl a gyan\u00fa, hogy gyermek\u00e9vel probl\u00e9ma van, azonnal \u00e9rtes\u00edtj\u00fck a sz\u00fcl\u0151ket, \u00e9s a gyermeket ell\u00e1t\u00f3 eg\u00e9szs\u00e9g\u00fcgyi szem\u00e9lyzetet. Ezut\u00e1n tov\u00e1bbi, a betegs\u00e9g fenn\u00e1ll\u00e1s\u00e1t meger\u0151s\u00edt\u0151, vagy kiz\u00e1r\u00f3 vizsg\u00e1latokat v\u00e9gz\u00fcnk. Ha igazol\u00f3dik, hogy a gyermek beteg, tov\u00e1bb ir\u00e1ny\u00edtjuk speci\u00e1lis gondoz\u00f3 k\u00f6zpontokba, klinik\u00e1kra, ahol azonnal meg lehet kezdeni a gyermek kezel\u00e9s\u00e9t.<\/p><h4>Hogyan \u00e9rtes\u00fcl\u00f6k a sz\u0171r\u00e9s eredm\u00e9ny\u00e9r\u0151l?<\/h4><p>A laborat\u00f3riumunk \u00e9rtes\u00edti a sz\u00fcl\u0151ket, a minta be\u00e9rkez\u00e9s\u00e9t k\u00f6vet\u0151 5 napon bel\u00fcl.<\/p><h4>Hogyan t\u00f6rt\u00e9nik az anyagcserebeteg gyermekek kezel\u00e9se?<\/h4><p>Ezeket a betegs\u00e9geket \u2013 jelenleg \u2013 meggy\u00f3gy\u00edtani nem lehet. Azonban a kor\u00e1n bevezetett kezel\u00e9ssel hat\u00e1sosan tudjuk cs\u00f6kkenteni vagy megel\u0151zni a t\u00fcneteket. A kezel\u00e9s t\u00f6bbnyire speci\u00e1lis di\u00e9ta, gy\u00f3gyt\u00e1pszer, gy\u00f3gyszer, vagy ezek kombin\u00e1ci\u00f3j\u00e1nak az alkalmaz\u00e1sa.<\/p><h4>Mi t\u00f6rt\u00e9nik a v\u00e9rmint\u00e1val a vizsg\u00e1lat elv\u00e9gz\u00e9se ut\u00e1n?<\/h4><p>A v\u00e9rmint\u00e1kat a laborat\u00f3riumban, biztons\u00e1gos k\u00f6r\u00fclm\u00e9nyek k\u00f6z\u00f6tt, t\u00f6bb \u00e9ven kereszt\u00fcl meg\u0151rizz\u00fck. A mint\u00e1k m\u00e1s vizsg\u00e1latok (pl. orvostudom\u00e1nyi kutat\u00e1s) c\u00e9lj\u00e1ra t\u00f6rt\u00e9n\u0151 feldolgoz\u00e1sa csak anonim m\u00f3don, a szem\u00e9lyazonos\u00edt\u00f3 adatok felhaszn\u00e1l\u00e1sa n\u00e9lk\u00fcl t\u00f6rt\u00e9nhet. Ha a vizsg\u00e1lat elv\u00e9gz\u00e9s\u00e9hez szem\u00e9lyazonos\u00edt\u00e1s sz\u00fcks\u00e9ges, ennek elv\u00e9gz\u00e9se csak a sz\u00fcl\u0151 el\u0151zetes \u00edr\u00e1sbeli enged\u00e9lye alapj\u00e1n t\u00f6rt\u00e9nhet meg.<\/p><h4>Mi t\u00f6rt\u00e9nik, ha m\u00e1r hazaengedtek a k\u00f3rh\u00e1zb\u00f3l, \u00e9s szeretn\u00e9m k\u00e9rni gyermekemnek a sz\u0171r\u00e9st?<\/h4><p>Ilyen esetben a ter\u00fcletileg illet\u00e9kes eg\u00e9szs\u00e9g\u00fcgyi szem\u00e9lyzet (gyermekorvos, h\u00e1ziorvos) tud gondoskodni a minta lev\u00e9tel\u00e9r\u0151l. A laborat\u00f3riumunkkal is fel lehet venni a kapcsolatot, seg\u00edt\u00fcnk a mintav\u00e9tel megszervez\u00e9s\u00e9ben.<\/p><h4>Kimutathat\u00f3 betegs\u00e9gek list\u00e1ja<\/h4><h5>I Aminosav-anyagcsere zavaraival kapcsolatos betegs\u00e9gek<\/h5><ul><li>Hiperfenilalanin\u00e9mia (klasszikus fenilketonuria, PKU)<\/li><li>\u00c1tmeneti hiperfenilalanin\u00e9mia<\/li><li>J\u00e1vorfasz\u00f6rp betegs\u00e9g (MSUD)<\/li><li>Citrullin\u00e9mia I (argininoszukcin\u00e1t szint\u00e1z hi\u00e1ny, ASS)<\/li><li>Homocisztinuria<\/li><li>Tirozin\u00e9mia I (TYR-I)<\/li><li>Tirozin\u00e9mia II (TYR-II)<\/li><li>Tirozin\u00e9mia III (TYR-III)<\/li><li>\u00c1tmeneti \u00fajsz\u00fcl\u00f6ttkori tirozinemia<\/li><li>Argininemia<\/li><li>Argininoszukcin\u00e1t aciduria (argininoszukcin\u00e1t li\u00e1z hi\u00e1ny, ASL)<\/li><li>Hipermetionin\u00e9mia<\/li><li>Karbamil-foszf\u00e1t-dehidrogen\u00e1z I-es t\u00edpus\u00fa hi\u00e1ny<\/li><li>I-es t\u00edpus\u00fa szindr\u00f3ma hiperammon\u00e9mi\u00e1val, hyperornitin\u00e9mi\u00e1val, homocitrullin\u00e9mi\u00e1val (HHH)<\/li><\/ul><h5>II Karnitin ciklushiba okozta betegs\u00e9gek<\/h5><ul><li>Karnitin\/acilkarnitin transzlok\u00e1z hi\u00e1ny<\/li><li>Karnitin-palmitoil transzfer\u00e1z hi\u00e1ny I (CPT-I)<\/li><li>Karnitin-palmitoil transzfer\u00e1z hi\u00e1ny II (CPT-II)<\/li><li>Karnitin felv\u00e9tel\/transzport zavara (CUD)<\/li><\/ul><h5>III Zs\u00edrsav-oxid\u00e1ci\u00f3s zavarok<\/h5><ul><li>K\u00f6z\u00e9pl\u00e1nc\u00fa acil-CoA dehidrogen\u00e1z hi\u00e1ny (MCAD)<\/li><li>Hossz\u00fal\u00e1nc\u00fa hidroxi-acil-CoA dehidrogen\u00e1z hi\u00e1ny (LCHAD)<\/li><li>Nagyon hossz\u00fa l\u00e1nc\u00fa acil-CoA dehidrogen\u00e1z hi\u00e1ny (VLCAD)<\/li><li>I t\u00edpus\u00fa 2-4 dienoil-CoA redukt\u00e1z hi\u00e1ny<\/li><li>Multiplex acil-CoA dehidrogen\u00e1z hi\u00e1ny (MADD, GA-II)<\/li><li>R\u00f6vidl\u00e1nc\u00fa acil-CoA dehidrogen\u00e1z hi\u00e1ny (SCAD)<\/li><li>T\u00f6bbfunkci\u00f3s feh\u00e9rje hi\u00e1nya<\/li><\/ul><h5>IV Szerves savak anyagcser\u00e9j\u00e9nek zavarai<\/h5><ul><li>Glut\u00e1rsav aciduria I (GA-I)<\/li><li>B\u00e9ta-ketotiol\u00e1z (oxotiol\u00e1z) hi\u00e1ny (B-KT)<\/li><li>Izovaleri\u00e1nsav aciduria (IVA)<\/li><li>Metilmalonsav aciduria (MMACBL)<\/li><li>Propionsav aciduria (PA)<\/li><li>Metilmalonsav aciduria (MMACBL)<\/li><li>3-hidroxi-3-metilglutaril-CoA li\u00e1z hi\u00e1ny (HMG)<\/li><li>Izobutiril-CoA-DH hi\u00e1ny<\/li><li>2-metilbutiril-CoA-DH hi\u00e1ny<\/li><li>3-metilkrotonil-CoA karboxil\u00e1z hi\u00e1ny (3-MCC)<\/li><li>Multiplex karboxil\u00e1z hi\u00e1ny (MCD)<\/li><li>3-metilglutaril-CoA-hidrol\u00e1z hi\u00e1nya<\/li><li>Metilmalonil-CoA-mut\u00e1z hi\u00e1ny<\/li><li>Metionin\u00e9mia\/homocisztinuria (MET\/HCYS)<\/li><li>T\u00f6bbsz\u00f6r\u00f6s karboxil\u00e1z-hi\u00e1ny (MCD)<\/li><\/ul><h5>V Endokrin \u00e9s egy\u00e9b anyagcserezavarok<\/h5><ul><li>Galaktoz\u00e9mia (TGAL)<\/li><li>Hipotire\u00f3zis (TSH)<\/li><li>Biotinid\u00e1z hi\u00e1ny (BIOT)<\/li><li>Ciszt\u00e1s fibr\u00f3zis (CF)<\/li><li>Karnitin anyagcserezavarok<\/li><li>Els\u0151dleges karnitinhi\u00e1ny<\/li><li>Karnitin transzporthi\u00e1ny<\/li><li>Karnitin transzlok\u00e1z hi\u00e1ny (CACTD)<\/li><\/ul>\t\t\t\t\t\t<\/div>\n\t\t\t\t<\/div>\n\t\t\t\t<div class=\"elementor-element elementor-element-35d5850 elementor-widget elementor-widget-cms_heading\" data-id=\"35d5850\" data-element_type=\"widget\" data-widget_type=\"cms_heading.default\">\n\t\t\t\t<div class=\"elementor-widget-container\">\n\t\t\t<div class=\"cms-heading-wrapper cms-heading-layout1\">\r\n    \r\n            <h3 class=\"custom-heading\">\r\n            <span >Kit\u00f6ltend\u0151 dokument\u00e1ci\u00f3k<\/span>\r\n        <\/h3>\r\n        \r\n    <\/div>\t\t<\/div>\n\t\t\t\t<\/div>\n\t\t\t\t<div class=\"elementor-element elementor-element-ad6a752 elementor-icon-list--layout-traditional elementor-list-item-link-full_width elementor-widget elementor-widget-icon-list\" data-id=\"ad6a752\" data-element_type=\"widget\" data-widget_type=\"icon-list.default\">\n\t\t\t\t<div class=\"elementor-widget-container\">\n\t\t\t\t\t<ul class=\"elementor-icon-list-items\">\n\t\t\t\t\t\t\t<li class=\"elementor-icon-list-item\">\n\t\t\t\t\t\t\t\t\t\t\t<a href=\"http:\/\/Let\u00f6lthet\u0151%20pdf%20taj\u00e9koztat\u00f3\" target=\"_blank\">\n\n\t\t\t\t\t\t\t\t\t\t\t\t<span class=\"elementor-icon-list-icon\">\n\t\t\t\t\t\t\t<i aria-hidden=\"true\" class=\"flaticon flaticon-document\"><\/i>\t\t\t\t\t\t<\/span>\n\t\t\t\t\t\t\t\t\t\t<span class=\"elementor-icon-list-text\">Let\u00f6lthet\u0151 pdf taj\u00e9koztat\u00f3<\/span>\n\t\t\t\t\t\t\t\t\t\t\t<\/a>\n\t\t\t\t\t\t\t\t\t<\/li>\n\t\t\t\t\t\t\t\t<li class=\"elementor-icon-list-item\">\n\t\t\t\t\t\t\t\t\t\t\t<a href=\"https:\/\/promedicalcenter.ro\/wp-content\/uploads\/2023\/12\/Adatlap.pdf\" target=\"_blank\">\n\n\t\t\t\t\t\t\t\t\t\t\t\t<span class=\"elementor-icon-list-icon\">\n\t\t\t\t\t\t\t<i aria-hidden=\"true\" class=\"flaticon flaticon-document\"><\/i>\t\t\t\t\t\t<\/span>\n\t\t\t\t\t\t\t\t\t\t<span class=\"elementor-icon-list-text\">Adatlap<\/span>\n\t\t\t\t\t\t\t\t\t\t\t<\/a>\n\t\t\t\t\t\t\t\t\t<\/li>\n\t\t\t\t\t\t\t\t<li class=\"elementor-icon-list-item\">\n\t\t\t\t\t\t\t\t\t\t\t<a href=\"https:\/\/tally.so\/r\/n9XAB4\" target=\"_blank\">\n\n\t\t\t\t\t\t\t\t\t\t\t\t<span class=\"elementor-icon-list-icon\">\n\t\t\t\t\t\t\t<i aria-hidden=\"true\" class=\"flaticon flaticon-document\"><\/i>\t\t\t\t\t\t<\/span>\n\t\t\t\t\t\t\t\t\t\t<span class=\"elementor-icon-list-text\">N\u0151v\u00e9ri mintav\u00e9teli \u00fatmutat\u00f3<\/span>\n\t\t\t\t\t\t\t\t\t\t\t<\/a>\n\t\t\t\t\t\t\t\t\t<\/li>\n\t\t\t\t\t\t\t\t<li class=\"elementor-icon-list-item\">\n\t\t\t\t\t\t\t\t\t\t\t<a href=\"https:\/\/promedicalcenter.ro\/hu\/solution\/screening-neonatal-pentru-boli-metabolice\/\" target=\"_blank\">\n\n\t\t\t\t\t\t\t\t\t\t\t\t<span class=\"elementor-icon-list-icon\">\n\t\t\t\t\t\t\t<i aria-hidden=\"true\" class=\"fas fa-link\"><\/i>\t\t\t\t\t\t<\/span>\n\t\t\t\t\t\t\t\t\t\t<span class=\"elementor-icon-list-text\">Tov\u00e1bbi inform\u00e1ci\u00f3\u00e9rt keresse fel weboldalunkat<\/span>\n\t\t\t\t\t\t\t\t\t\t\t<\/a>\n\t\t\t\t\t\t\t\t\t<\/li>\n\t\t\t\t\t\t<\/ul>\n\t\t\t\t<\/div>\n\t\t\t\t<\/div>\n\t\t        <\/div>\r\n        <\/div>\r\n        \t\t        <\/div>\r\n        <\/section>\r\n\t\t        <\/div>\r\n        <\/div>\r\n        \t\t        <\/div>\r\n        <\/section>\r\n\t\t\t\t\t\t\t<\/div>","protected":false},"excerpt":{"rendered":"<p>A sz\u0171r\u00e9sre az\u00e9rt van sz\u00fcks\u00e9g, mert sz\u00e1mos anyagcsere-betegs\u00e9g t\u00fcnetmentes \u00e1llapotban, id\u0151ben felfedezve teljes m\u00e9rt\u00e9kben karbantarthat\u00f3, elhanyagol\u00e1sa azonban s\u00falyos sz\u00f6v\u0151dm\u00e9nyekkel j\u00e1rhat.<\/p>\n<h4>Mi az \u00fajsz\u00fcl\u00f6ttkori sz\u0171r\u00e9s l\u00e9nyege?<\/h4>\n<p>Az \u00fajsz\u00fcl\u00f6ttkori sz\u0171r\u00e9s egy speci\u00e1lis v\u00e9rvizsg\u00e1lat, mely lehet\u0151v\u00e9 teszi ritka, de s\u00falyos anyagcsere betegs\u00e9gek felismer\u00e9s\u00e9t. Jelenleg a kutat\u00f3 laborat\u00f3riumunkban t\u00f6bb mint 47 betegs\u00e9g sz\u0171r\u00e9s\u00e9t v\u00e9gezz\u00fck el n\u00e9h\u00e1ny csepp v\u00e9rb\u0151l. Rom\u00e1ni\u00e1ban a k\u00f6rnyez\u0151 orsz\u00e1gokhoz k\u00e9pest viszonylag k\u00e9s\u0151n vezett\u00e9k be a k\u00f6telez\u0151 sz\u0171r\u00e9st. 2009-ben indult az orsz\u00e1gos \u00fajsz\u00fcl\u00f6ttkori sz\u0171r\u0151program, amely jelenleg 3 betegs\u00e9gre terjed ki: a velesz\u00fcletett hipotire\u00f3zis (pajzsmirigy el\u00e9gtelens\u00e9g) \u00e9s a fenilketonuria sz\u0171r\u00e9se mell\u00e9 nemr\u00e9g bevezett\u00e9k a ciszt\u00e1s fibr\u00f3zis sz\u0171r\u00e9s\u00e9t is. A legt\u00f6bb eur\u00f3pai orsz\u00e1g 20-30 velesz\u00fcletett anyagcsere betegs\u00e9gre sz\u0171r minden \u00fajsz\u00fcl\u00f6ttet. Ez a lehet\u0151s\u00e9g egyel\u0151re \u00e1llami t\u00e1mogat\u00e1ssal nem el\u00e9rhet\u0151, azonban a sz\u00fcl\u0151 \u00f6nk\u00f6lts\u00e9g ellen\u00e9ben k\u00e9rheti a vizsg\u00e1latot. A vizsg\u00e1lathoz az asszisztens egy speci\u00e1lis sz\u0171r\u0151pap\u00edrra csepegtet p\u00e1r csepp v\u00e9rt a baba sark\u00e1b\u00f3l, majd azt elk\u00fcldik laborat\u00f3riumunkba, ahol t\u00f6bb mint 47 betegs\u00e9gre sz\u0171r\u00fcnk k\u00fcl\u00f6nb\u00f6z\u0151 m\u00f3dszerekkel (LC-MS\/MS, ELISA).<\/p>","protected":false},"featured_media":17859,"comment_status":"closed","ping_status":"closed","template":"","meta":[],"product_cat":[86],"product_tag":[],"class_list":["post-17858","product","type-product","status-publish","has-post-thumbnail","hentry","product_cat-produse"],"_links":{"self":[{"href":"https:\/\/provitam.ro\/hu\/wp-json\/wp\/v2\/product\/17858","targetHints":{"allow":["GET"]}}],"collection":[{"href":"https:\/\/provitam.ro\/hu\/wp-json\/wp\/v2\/product"}],"about":[{"href":"https:\/\/provitam.ro\/hu\/wp-json\/wp\/v2\/types\/product"}],"replies":[{"embeddable":true,"href":"https:\/\/provitam.ro\/hu\/wp-json\/wp\/v2\/comments?post=17858"}],"version-history":[{"count":10,"href":"https:\/\/provitam.ro\/hu\/wp-json\/wp\/v2\/product\/17858\/revisions"}],"predecessor-version":[{"id":17879,"href":"https:\/\/provitam.ro\/hu\/wp-json\/wp\/v2\/product\/17858\/revisions\/17879"}],"wp:featuredmedia":[{"embeddable":true,"href":"https:\/\/provitam.ro\/hu\/wp-json\/wp\/v2\/media\/17859"}],"wp:attachment":[{"href":"https:\/\/provitam.ro\/hu\/wp-json\/wp\/v2\/media?parent=17858"}],"wp:term":[{"taxonomy":"product_cat","embeddable":true,"href":"https:\/\/provitam.ro\/hu\/wp-json\/wp\/v2\/product_cat?post=17858"},{"taxonomy":"product_tag","embeddable":true,"href":"https:\/\/provitam.ro\/hu\/wp-json\/wp\/v2\/product_tag?post=17858"}],"curies":[{"name":"wp","href":"https:\/\/api.w.org\/{rel}","templated":true}]}}