{"id":17855,"date":"2023-12-01T16:31:27","date_gmt":"2023-12-01T15:31:27","guid":{"rendered":"https:\/\/promedicalcenter.ro\/?post_type=product&#038;p=17855"},"modified":"2023-12-01T23:50:49","modified_gmt":"2023-12-01T22:50:49","slug":"controlul-ecocrafic-neonatal","status":"publish","type":"product","link":"https:\/\/provitam.ro\/hu\/termek\/controlul-ecocrafic-neonatal\/","title":{"rendered":"Csecsem\u0151kori ultrahang vizsg\u00e1latok"},"content":{"rendered":"<div data-elementor-type=\"wp-post\" data-elementor-id=\"17855\" class=\"elementor elementor-17855\">\n\t\t\t\t\t\t\t        <section class=\"elementor-section elementor-top-section elementor-element elementor-element-6d77c155 elementor-section-boxed elementor-section-height-default elementor-section-height-default\" data-id=\"6d77c155\" data-element_type=\"section\">\r\n\t\t\r\n\t\t        <div class=\"elementor-container elementor-column-gap-default\" >\r\n\t\t        <div class=\"elementor-column elementor-col-100 elementor-top-column elementor-element elementor-element-7f166ab3\" data-id=\"7f166ab3\" data-element_type=\"column\">\r\n        <div class=\"elementor-widget-wrap elementor-element-populated\">\r\n                                <section class=\"elementor-section elementor-inner-section elementor-element elementor-element-242ace5 elementor-section-boxed elementor-section-height-default elementor-section-height-default\" data-id=\"242ace5\" data-element_type=\"section\" data-no-translation=\"\">\r\n\t\t\r\n\t\t        <div class=\"elementor-container elementor-column-gap-default\" >\r\n\t\t        <div class=\"elementor-column elementor-col-100 elementor-inner-column elementor-element elementor-element-52d9d4d\" data-id=\"52d9d4d\" data-element_type=\"column\">\r\n        <div class=\"elementor-widget-wrap elementor-element-populated\">\r\n                        \t\t<div class=\"elementor-element elementor-element-e4e86d2 elementor-widget elementor-widget-text-editor\" data-id=\"e4e86d2\" data-element_type=\"widget\" data-widget_type=\"text-editor.default\">\n\t\t\t\t<div class=\"elementor-widget-container\">\n\t\t\t\t\t\t\t<p>Egy negat\u00edv korai ultrahangos sz\u0171r\u0151vizsg\u00e1lat ut\u00e1n a sz\u00fcl\u0151k megnyugodhatnak, hogy pici bab\u00e1jukkal minden rendben van. Ritka esetben &#8211; szervi elt\u00e9r\u00e9sek, vagy m\u00e9g t\u00fcnetmentes betegs\u00e9gek felder\u00edt\u00e9s\u00e9vel &#8211; teh\u00e1t a korai diagnosztiz\u00e1l\u00e1ssal, a sz\u0171r\u00e9s seg\u00edts\u00e9get ny\u00fajt abban, hogy sz\u00fcks\u00e9g eset\u00e9n mihamarabb elkezd\u0151dhessen az \u00fajsz\u00fcl\u00f6tt hat\u00e9kony kezel\u00e9se.<\/p><p>A sz\u0171r\u00e9ssel igen korai csecsem\u0151korban olyan fejl\u0151d\u00e9si rendelleness\u00e9geket, elv\u00e1ltoz\u00e1sokat lehet kimutatni, melyek m\u00e9g nem okoznak t\u00fcnetet, panaszt. \u00cdgy m\u00e9g a panaszok megjelen\u00e9se el\u0151tt meg lehet kezdeni a kezel\u00e9st, ha sz\u00fcks\u00e9ges. Az ultrahangos vizsg\u00e1lat f\u00e1jdalommentes, nem terheli meg a csecsem\u0151 szervezet\u00e9t, semmi mell\u00e9khat\u00e1sa nincs \u00e9s b\u00e1rmikor meg lehet ism\u00e9telni.<\/p>\t\t\t\t\t\t<\/div>\n\t\t\t\t<\/div>\n\t\t\t\t<div class=\"elementor-element elementor-element-35d5850 elementor-widget elementor-widget-cms_heading\" data-id=\"35d5850\" data-element_type=\"widget\" data-widget_type=\"cms_heading.default\">\n\t\t\t\t<div class=\"elementor-widget-container\">\n\t\t\t<div class=\"cms-heading-wrapper cms-heading-layout1\">\r\n    \r\n            <h3 class=\"custom-heading\">\r\n            <span >Kit\u00f6ltend\u0151 dokument\u00e1ci\u00f3k<\/span>\r\n        <\/h3>\r\n        \r\n    <\/div>\t\t<\/div>\n\t\t\t\t<\/div>\n\t\t\t\t<div class=\"elementor-element elementor-element-79f33fc elementor-icon-list--layout-traditional elementor-list-item-link-full_width elementor-widget elementor-widget-icon-list\" data-id=\"79f33fc\" data-element_type=\"widget\" data-widget_type=\"icon-list.default\">\n\t\t\t\t<div class=\"elementor-widget-container\">\n\t\t\t\t\t<ul class=\"elementor-icon-list-items\">\n\t\t\t\t\t\t\t<li class=\"elementor-icon-list-item\">\n\t\t\t\t\t\t\t\t\t\t\t<a href=\"https:\/\/promedicalcenter.ro\/hu\/solution\/controlul-ecocrafic-neonatal\/\" target=\"_blank\">\n\n\t\t\t\t\t\t\t\t\t\t\t\t<span class=\"elementor-icon-list-icon\">\n\t\t\t\t\t\t\t<i aria-hidden=\"true\" class=\"fas fa-link\"><\/i>\t\t\t\t\t\t<\/span>\n\t\t\t\t\t\t\t\t\t\t<span class=\"elementor-icon-list-text\">Tov\u00e1bbi inform\u00e1ci\u00f3\u00e9rt keresse fel weboldalunkat<\/span>\n\t\t\t\t\t\t\t\t\t\t\t<\/a>\n\t\t\t\t\t\t\t\t\t<\/li>\n\t\t\t\t\t\t<\/ul>\n\t\t\t\t<\/div>\n\t\t\t\t<\/div>\n\t\t        <\/div>\r\n        <\/div>\r\n        \t\t        <\/div>\r\n        <\/section>\r\n\t\t        <\/div>\r\n        <\/div>\r\n        \t\t        <\/div>\r\n        <\/section>\r\n\t\t\t\t\t\t\t<\/div>","protected":false},"excerpt":{"rendered":"<p><strong>Komplex koponya, sz\u00edv, has \u00e9s cs\u00edp\u0151 ultrahangos sz\u0171r\u0151vizsg\u00e1lat csecsem\u0151knek<\/strong><\/p>\n<p>Amikor v\u00e9gre megsz\u00fcletik a v\u00e1rva v\u00e1rt kisbaba, az els\u0151 alapos gyermekorvosi vizsg\u00e1latra a sz\u00fclet\u00e9s ut\u00e1ni p\u00e1r napban m\u00e1r sor ker\u00fcl. Ha minden rendben van, akkor a k\u00f6vetkez\u0151\u00a0<strong>kiemelt jelent\u0151s\u00e9g\u0171 esed\u00e9kes vizsg\u00e1lat az ultrahangos sz\u0171r\u0151vizsg\u00e1lat.<\/strong><\/p>","protected":false},"featured_media":17856,"comment_status":"closed","ping_status":"closed","template":"","meta":[],"product_cat":[86],"product_tag":[],"class_list":["post-17855","product","type-product","status-publish","has-post-thumbnail","hentry","product_cat-produse"],"_links":{"self":[{"href":"https:\/\/provitam.ro\/hu\/wp-json\/wp\/v2\/product\/17855","targetHints":{"allow":["GET"]}}],"collection":[{"href":"https:\/\/provitam.ro\/hu\/wp-json\/wp\/v2\/product"}],"about":[{"href":"https:\/\/provitam.ro\/hu\/wp-json\/wp\/v2\/types\/product"}],"replies":[{"embeddable":true,"href":"https:\/\/provitam.ro\/hu\/wp-json\/wp\/v2\/comments?post=17855"}],"version-history":[{"count":12,"href":"https:\/\/provitam.ro\/hu\/wp-json\/wp\/v2\/product\/17855\/revisions"}],"predecessor-version":[{"id":17892,"href":"https:\/\/provitam.ro\/hu\/wp-json\/wp\/v2\/product\/17855\/revisions\/17892"}],"wp:featuredmedia":[{"embeddable":true,"href":"https:\/\/provitam.ro\/hu\/wp-json\/wp\/v2\/media\/17856"}],"wp:attachment":[{"href":"https:\/\/provitam.ro\/hu\/wp-json\/wp\/v2\/media?parent=17855"}],"wp:term":[{"taxonomy":"product_cat","embeddable":true,"href":"https:\/\/provitam.ro\/hu\/wp-json\/wp\/v2\/product_cat?post=17855"},{"taxonomy":"product_tag","embeddable":true,"href":"https:\/\/provitam.ro\/hu\/wp-json\/wp\/v2\/product_tag?post=17855"}],"curies":[{"name":"wp","href":"https:\/\/api.w.org\/{rel}","templated":true}]}}