{"id":17318,"date":"2023-11-15T20:03:50","date_gmt":"2023-11-15T19:03:50","guid":{"rendered":"https:\/\/dev.horvathkaroly.hu\/promedicalcenter\/?post_type=product&#038;p=17318"},"modified":"2023-12-01T16:08:28","modified_gmt":"2023-12-01T15:08:28","slug":"test-de-screening-genetic","status":"publish","type":"product","link":"https:\/\/provitam.ro\/hu\/termek\/test-de-screening-genetic\/","title":{"rendered":"Genetikai sz\u0171r\u0151vizsg\u00e1lat"},"content":{"rendered":"<div data-elementor-type=\"wp-post\" data-elementor-id=\"17318\" class=\"elementor elementor-17318\">\n\t\t\t\t\t\t\t        <section class=\"elementor-section elementor-top-section elementor-element elementor-element-6d77c155 elementor-section-boxed elementor-section-height-default elementor-section-height-default\" data-id=\"6d77c155\" data-element_type=\"section\">\r\n\t\t\r\n\t\t        <div class=\"elementor-container elementor-column-gap-default\" >\r\n\t\t        <div class=\"elementor-column elementor-col-50 elementor-top-column elementor-element elementor-element-7f166ab3\" data-id=\"7f166ab3\" data-element_type=\"column\">\r\n        <div class=\"elementor-widget-wrap elementor-element-populated\">\r\n                                <section class=\"elementor-section elementor-inner-section elementor-element elementor-element-242ace5 elementor-section-boxed elementor-section-height-default elementor-section-height-default\" data-id=\"242ace5\" data-element_type=\"section\" data-no-translation=\"\">\r\n\t\t\r\n\t\t        <div class=\"elementor-container elementor-column-gap-default\" >\r\n\t\t        <div class=\"elementor-column elementor-col-100 elementor-inner-column elementor-element elementor-element-52d9d4d\" data-id=\"52d9d4d\" data-element_type=\"column\">\r\n        <div class=\"elementor-widget-wrap elementor-element-populated\">\r\n                        \t\t<div class=\"elementor-element elementor-element-e4e86d2 elementor-widget elementor-widget-text-editor\" data-id=\"e4e86d2\" data-element_type=\"widget\" data-widget_type=\"text-editor.default\">\n\t\t\t\t<div class=\"elementor-widget-container\">\n\t\t\t\t\t\t\t<p><strong>A vizsg\u00e1latokat csak egyszer kell elv\u00e9geztetn\u00fcnk az \u00e9letben<\/strong>, s hogy erre mikor ker\u00fcl sor, m\u00e1r egy\u00e9ni d\u00f6nt\u00e9s. Ha a csal\u00e1dban ismert betegs\u00e9gek \u00e1llnak fent, m\u00e1r kicsi gyermekeknek is javasolt a megfelel\u0151 tesztet elv\u00e9gezni, hogy annak ismeret\u00e9ben val\u00f3ban a megel\u0151z\u00e9sre f\u00f3kusz\u00e1ljunk!<br \/>Ne felejts\u00fck el, hogy a legt\u00f6bb esetben nem mag\u00e1t a betegs\u00e9get, hanem az arra val\u00f3 hajlamot mutatjuk ki! Teh\u00e1t k\u00f6zel sem biztos, hogy a kimutatott betegs\u00e9gre val\u00f3 hajlam azt jelenti, hogy meg is betegsz\u00fcnk. Viszont a genetika mellett az \u00e9letm\u00f3d, a k\u00f6rnyezeti hat\u00e1sok is nagy befoly\u00e1ssal b\u00edrnak, teh\u00e1t egy infarktusra hajlamos\u00edt\u00f3 g\u00e9nmut\u00e1ci\u00f3 lehet v\u00e9gzetes is, ha nem figyel\u00fcnk magunkra kell\u0151k\u00e9pp. A betegs\u00e9g kialakul\u00e1s\u00e1t a nem megfelel\u0151 \u00e9letm\u00f3ddal siettethetj\u00fck: doh\u00e1nyz\u00e1s, stressz, nem megfelel\u0151 \u00e9lelmiszerek fogyaszt\u00e1sa stb., viszont megfelel\u0151 hozz\u00e1\u00e1ll\u00e1ssal cs\u00f6kkenthetj\u00fck a betegs\u00e9g kialakul\u00e1s\u00e1nak es\u00e9ly\u00e9t, vagy m\u00e9rs\u00e9kelhetj\u00fck annak hat\u00e1s\u00e1t.<\/p><p>A genetikai vizsg\u00e1latok \u00e9rtelmez\u00e9se, v\u00e9lem\u00e9nyez\u00e9se mindenkor szakorvosi kompetencia. A laborban a kapott genetikai eredm\u00e9nyeket v\u00e9lem\u00e9nyezz\u00fck, de azok kezel\u00e9se, orvosl\u00e1sa vagy egy\u00e9b javaslati meg\u00e1llap\u00edt\u00e1sa kiz\u00e1r\u00f3lag szakorvosi kompetencia. Erre csak genetikus vagy az \u00f6n kezel\u0151orvosa jogosult!<\/p><p>A Pro Medical klinik\u00e1n sz\u00fcks\u00e9g eset\u00e9n genetikai konzult\u00e1ci\u00f3t tudunk biztos\u00edtani!<\/p><p>GENETIKUS ORVOSUNK, Prof. Dr. Vulturar Romana<\/p><p>Tov\u00e1bbi inform\u00e1ci\u00f3\u00e9rt forduljon hozz\u00e1nk bizalommal, a k\u00f6vetkez\u0151 emailcimen v\u00e1rjuk \u00fczenet\u00e9t, <a href=\"mailto:fejerszilard@provitam.com\"><strong>fejerszilard@provitam.com<\/strong><\/a><\/p>\t\t\t\t\t\t<\/div>\n\t\t\t\t<\/div>\n\t\t\t\t<div class=\"elementor-element elementor-element-35d5850 elementor-widget elementor-widget-cms_heading\" data-id=\"35d5850\" data-element_type=\"widget\" data-widget_type=\"cms_heading.default\">\n\t\t\t\t<div class=\"elementor-widget-container\">\n\t\t\t<div class=\"cms-heading-wrapper cms-heading-layout1\">\r\n    \r\n            <h3 class=\"custom-heading\">\r\n            <span >Kit\u00f6ltend\u0151 dokument\u00e1ci\u00f3k<\/span>\r\n        <\/h3>\r\n        \r\n    <\/div>\t\t<\/div>\n\t\t\t\t<\/div>\n\t\t\t\t<div class=\"elementor-element elementor-element-5f3c371 elementor-icon-list--layout-traditional elementor-list-item-link-full_width elementor-widget elementor-widget-icon-list\" data-id=\"5f3c371\" data-element_type=\"widget\" data-widget_type=\"icon-list.default\">\n\t\t\t\t<div class=\"elementor-widget-container\">\n\t\t\t\t\t<ul class=\"elementor-icon-list-items\">\n\t\t\t\t\t\t\t<li class=\"elementor-icon-list-item\">\n\t\t\t\t\t\t\t\t\t\t\t<a href=\"https:\/\/tally.so\/r\/mBKov5\" target=\"_blank\">\n\n\t\t\t\t\t\t\t\t\t\t\t\t<span class=\"elementor-icon-list-icon\">\n\t\t\t\t\t\t\t<i aria-hidden=\"true\" class=\"flaticon flaticon-sheet\"><\/i>\t\t\t\t\t\t<\/span>\n\t\t\t\t\t\t\t\t\t\t<span class=\"elementor-icon-list-text\">K\u00e9rd\u0151\u00edv<\/span>\n\t\t\t\t\t\t\t\t\t\t\t<\/a>\n\t\t\t\t\t\t\t\t\t<\/li>\n\t\t\t\t\t\t<\/ul>\n\t\t\t\t<\/div>\n\t\t\t\t<\/div>\n\t\t        <\/div>\r\n        <\/div>\r\n        \t\t        <\/div>\r\n        <\/section>\r\n\t\t        <\/div>\r\n        <\/div>\r\n                <div class=\"elementor-column elementor-col-50 elementor-top-column elementor-element elementor-element-7e7b2f6\" data-id=\"7e7b2f6\" data-element_type=\"column\">\r\n        <div class=\"elementor-widget-wrap elementor-element-populated\">\r\n                        \t\t<div class=\"elementor-element elementor-element-03f7525 elementor-widget elementor-widget-cms_doctor_grid\" data-id=\"03f7525\" data-element_type=\"widget\" data-widget_type=\"cms_doctor_grid.default\">\n\t\t\t\t<div class=\"elementor-widget-container\">\n\t\t\t\r\n<div id=\"cms_doctor_grid-03f7525\" class=\"cms-grid cms-doctor-grid layout1\" data-layout=\"masonry\" data-start-page=\"1\" data-max-pages=\"0\" data-total=\"0\" data-perpage=\"6\" data-next-link=\"https:\/\/provitam.ro\/hu\/wp-json\/wp\/v2\/product\/17318\/page\/2\/\">\r\n    <div class=\"cms-grid-overlay\"><\/div>\r\n    \r\n    <div class=\"cms-grid-inner cms-grid-masonry row animation-time\" data-gutter=\"15\">\r\n                    <div class=\"grid-sizer col-xl-12 col-lg-12 col-md-12 col-sm-12 col-12\"><\/div>\r\n                    <\/div>\r\n        <\/div>\t\t<\/div>\n\t\t\t\t<\/div>\n\t\t        <\/div>\r\n        <\/div>\r\n        \t\t        <\/div>\r\n        <\/section>\r\n\t\t\t\t\t\t\t<\/div>","protected":false},"excerpt":{"rendered":"<h4>TruSight One Sequencing Panel<\/h4>\n<p>A TruSight One Sequencing Panel t\u00f6bb mint 4800 betegs\u00e9ggel kapcsolatos g\u00e9nr\u0151l ny\u00fajt \u00e1tfog\u00f3 lefedetts\u00e9get, amelyek a leggyakrabban el\u0151fordul\u00f3 betegs\u00e9gekre vonatkoznak. Ezek k\u00f6z\u00fcl megeml\u00edt\u00fcnk n\u00e9h\u00e1nyat:<\/p>\n<ul>\n<li>Cukorbetegs\u00e9g hajlam<\/li>\n<li>Magas v\u00e9rnyom\u00e1s hajlam<\/li>\n<li>Tromb\u00f3zis genetika<\/li>\n<li>R\u00e1kos megbeteged\u00e9sek kock\u00e1zata<\/li>\n<li>leuk\u00e9mia, eml\u0151r\u00e1k, petef\u00e9szekr\u00e1k, t\u00fcd\u0151r\u00e1k, vastagb\u00e9lr\u00e1k vagy prosztatar\u00e1k stb.<\/li>\n<li>Gyullad\u00e1sos b\u00e9lbetegs\u00e9g genetikai kock\u00e1zat<\/li>\n<li>Alzheimer k\u00f3r hajlam<\/li>\n<li>Parkinson k\u00f3r hajlam<\/li>\n<li>Vasfelsz\u00edv\u00f3d\u00e1s \/ Hemakromat\u00f3zis<\/li>\n<li>Magas v\u00e9rnyom\u00e1s<\/li>\n<li>Leiden mut\u00e1ci\u00f3<\/li>\n<li>Tejcukor (lakt\u00f3z) \u00e9rz\u00e9kenys\u00e9g<\/li>\n<\/ul>","protected":false},"featured_media":17803,"comment_status":"closed","ping_status":"closed","template":"","meta":[],"product_cat":[86],"product_tag":[],"class_list":["post-17318","product","type-product","status-publish","has-post-thumbnail","hentry","product_cat-produse"],"_links":{"self":[{"href":"https:\/\/provitam.ro\/hu\/wp-json\/wp\/v2\/product\/17318","targetHints":{"allow":["GET"]}}],"collection":[{"href":"https:\/\/provitam.ro\/hu\/wp-json\/wp\/v2\/product"}],"about":[{"href":"https:\/\/provitam.ro\/hu\/wp-json\/wp\/v2\/types\/product"}],"replies":[{"embeddable":true,"href":"https:\/\/provitam.ro\/hu\/wp-json\/wp\/v2\/comments?post=17318"}],"version-history":[{"count":48,"href":"https:\/\/provitam.ro\/hu\/wp-json\/wp\/v2\/product\/17318\/revisions"}],"predecessor-version":[{"id":17853,"href":"https:\/\/provitam.ro\/hu\/wp-json\/wp\/v2\/product\/17318\/revisions\/17853"}],"wp:featuredmedia":[{"embeddable":true,"href":"https:\/\/provitam.ro\/hu\/wp-json\/wp\/v2\/media\/17803"}],"wp:attachment":[{"href":"https:\/\/provitam.ro\/hu\/wp-json\/wp\/v2\/media?parent=17318"}],"wp:term":[{"taxonomy":"product_cat","embeddable":true,"href":"https:\/\/provitam.ro\/hu\/wp-json\/wp\/v2\/product_cat?post=17318"},{"taxonomy":"product_tag","embeddable":true,"href":"https:\/\/provitam.ro\/hu\/wp-json\/wp\/v2\/product_tag?post=17318"}],"curies":[{"name":"wp","href":"https:\/\/api.w.org\/{rel}","templated":true}]}}