{"id":17894,"date":"2023-12-07T11:32:54","date_gmt":"2023-12-07T10:32:54","guid":{"rendered":"https:\/\/promedicalcenter.ro\/?post_type=product&#038;p=17894"},"modified":"2023-12-07T12:03:02","modified_gmt":"2023-12-07T11:03:02","slug":"pro-health","status":"publish","type":"product","link":"https:\/\/provitam.ro\/en\/termek\/pro-health\/","title":{"rendered":"Pro Health"},"content":{"rendered":"<div data-elementor-type=\"wp-post\" data-elementor-id=\"17894\" class=\"elementor elementor-17894\">\n\t\t\t\t\t\t\t        <section class=\"elementor-section elementor-top-section elementor-element elementor-element-6d77c155 elementor-section-boxed elementor-section-height-default elementor-section-height-default\" data-id=\"6d77c155\" data-element_type=\"section\">\r\n\t\t\r\n\t\t        <div class=\"elementor-container elementor-column-gap-default\" >\r\n\t\t        <div class=\"elementor-column elementor-col-100 elementor-top-column elementor-element elementor-element-7f166ab3\" data-id=\"7f166ab3\" data-element_type=\"column\">\r\n        <div class=\"elementor-widget-wrap elementor-element-populated\">\r\n                                <section class=\"elementor-section elementor-inner-section elementor-element elementor-element-efd0436 post elementor-section-boxed elementor-section-height-default elementor-section-height-default\" data-id=\"efd0436\" data-element_type=\"section\" data-no-translation=\"\">\r\n\t\t\r\n\t\t        <div class=\"elementor-container elementor-column-gap-default\" >\r\n\t\t        <div class=\"elementor-column elementor-col-100 elementor-inner-column elementor-element elementor-element-b456fe9\" data-id=\"b456fe9\" data-element_type=\"column\">\r\n        <div class=\"elementor-widget-wrap elementor-element-populated\">\r\n                        \t\t<div class=\"elementor-element elementor-element-3842e0c elementor-widget elementor-widget-text-editor\" data-id=\"3842e0c\" data-element_type=\"widget\" data-widget_type=\"text-editor.default\">\n\t\t\t\t<div class=\"elementor-widget-container\">\n\t\t\t\t\t\t\t<h4><img fetchpriority=\"high\" decoding=\"async\" class=\"size-full wp-image-17908 alignleft\" src=\"https:\/\/promedicalcenter.ro\/wp-content\/uploads\/2023\/12\/PH_RO.png\" alt=\"\" width=\"1200\" height=\"630\" srcset=\"https:\/\/provitam.ro\/wp-content\/uploads\/2023\/12\/PH_RO.png 1200w, https:\/\/provitam.ro\/wp-content\/uploads\/2023\/12\/PH_RO-900x473.png 900w, https:\/\/provitam.ro\/wp-content\/uploads\/2023\/12\/PH_RO-300x158.png 300w, https:\/\/provitam.ro\/wp-content\/uploads\/2023\/12\/PH_RO-1024x538.png 1024w, https:\/\/provitam.ro\/wp-content\/uploads\/2023\/12\/PH_RO-768x403.png 768w, https:\/\/provitam.ro\/wp-content\/uploads\/2023\/12\/PH_RO-18x9.png 18w\" sizes=\"(max-width: 1200px) 100vw, 1200px\" \/><\/h4><h4>What kind of investigations does the Pro-Health analysis package include and what kind of diseases does it detect?<\/h4><ul><li>anointing of the hematopoietic system | anemia, inflammation, leukemia<\/li><li>liver diseases | liver diseases caused by toxins or inflammation, fatty liver<\/li><li>renal function | kidney failure, kidney stones<\/li><li>metabolism of carbohydrates, proteins and fats | diabetes, abnormal<\/li><li>levels of fat and cholesterol in the blood<\/li><li>inflammatory processes in the body | acute\/chronic inflammatory diseases<\/li><li>thyroid function<\/li><li>prostate (blood) screening for men<\/li><\/ul>\t\t\t\t\t\t<\/div>\n\t\t\t\t<\/div>\n\t\t        <\/div>\r\n        <\/div>\r\n        \t\t        <\/div>\r\n        <\/section>\r\n\t\t        <\/div>\r\n        <\/div>\r\n        \t\t        <\/div>\r\n        <\/section>\r\n\t\t\t\t\t\t\t<\/div>","protected":false},"excerpt":{"rendered":"<p>Chiar dac\u0103 nu ave\u021bi probleme de s\u0103n\u0103tate, este important s\u0103 v\u0103 face\u021bi anual teste de screening, mai ales dup\u0103 v\u00e2rsta de 35 de ani. De ce? \u00cen lumea noastr\u0103 agitat\u0103, uit\u0103m adesea de propria s\u0103n\u0103tate, de\u0219i cu to\u021bii ne dorim s\u0103 r\u0103m\u00e2nem s\u0103n\u0103to\u0219i \u0219i activi pe m\u0103sur\u0103 ce \u00eenaint\u0103m \u00een v\u00e2rst\u0103. S\u0103n\u0103tatea noastr\u0103 nu ar trebui s\u0103 fie important\u0103 doar atunci c\u00e2nd apar problemele!<\/p>\n<p>Pachetul de analize este recomandat pentru persoanele cu v\u00e2rsta peste 35 de ani, f\u0103r\u0103 simptome, \u00een scopul prevenirii bolilor. Analizele ofer\u0103 o imagine de ansamblu a st\u0103rii de s\u0103n\u0103tate \u0219i a func\u021biilor vitale fundamentale ale organismului.<\/p>","protected":false},"featured_media":17913,"comment_status":"closed","ping_status":"closed","template":"","meta":[],"product_cat":[86],"product_tag":[],"class_list":["post-17894","product","type-product","status-publish","has-post-thumbnail","hentry","product_cat-produse"],"_links":{"self":[{"href":"https:\/\/provitam.ro\/en\/wp-json\/wp\/v2\/product\/17894","targetHints":{"allow":["GET"]}}],"collection":[{"href":"https:\/\/provitam.ro\/en\/wp-json\/wp\/v2\/product"}],"about":[{"href":"https:\/\/provitam.ro\/en\/wp-json\/wp\/v2\/types\/product"}],"replies":[{"embeddable":true,"href":"https:\/\/provitam.ro\/en\/wp-json\/wp\/v2\/comments?post=17894"}],"version-history":[{"count":6,"href":"https:\/\/provitam.ro\/en\/wp-json\/wp\/v2\/product\/17894\/revisions"}],"predecessor-version":[{"id":17912,"href":"https:\/\/provitam.ro\/en\/wp-json\/wp\/v2\/product\/17894\/revisions\/17912"}],"wp:featuredmedia":[{"embeddable":true,"href":"https:\/\/provitam.ro\/en\/wp-json\/wp\/v2\/media\/17913"}],"wp:attachment":[{"href":"https:\/\/provitam.ro\/en\/wp-json\/wp\/v2\/media?parent=17894"}],"wp:term":[{"taxonomy":"product_cat","embeddable":true,"href":"https:\/\/provitam.ro\/en\/wp-json\/wp\/v2\/product_cat?post=17894"},{"taxonomy":"product_tag","embeddable":true,"href":"https:\/\/provitam.ro\/en\/wp-json\/wp\/v2\/product_tag?post=17894"}],"curies":[{"name":"wp","href":"https:\/\/api.w.org\/{rel}","templated":true}]}}